{"id":1055,"date":"2023-06-12T11:23:55","date_gmt":"2023-06-12T11:23:55","guid":{"rendered":"https:\/\/pasteleriadulcedeleche.com\/factory\/?page_id=1055"},"modified":"2023-09-27T21:14:22","modified_gmt":"2023-09-27T21:14:22","slug":"historia","status":"publish","type":"page","link":"https:\/\/pasteleriadulcedeleche.com\/factory\/historia\/","title":{"rendered":"Historia"},"content":{"rendered":"\t\t<div data-elementor-type=\"wp-page\" data-elementor-id=\"1055\" class=\"elementor elementor-1055\" data-elementor-post-type=\"page\">\n\t\t\t\t\t\t<section class=\"elementor-section elementor-top-section elementor-element elementor-element-9341e99 elementor-section-content-middle elementor-section-boxed elementor-section-height-default elementor-section-height-default\" data-id=\"9341e99\" data-element_type=\"section\" data-e-type=\"section\">\n\t\t\t\t\t\t<div class=\"elementor-container elementor-column-gap-wide\">\n\t\t\t\t\t<div class=\"elementor-column elementor-col-50 elementor-top-column elementor-element elementor-element-519e1db\" data-id=\"519e1db\" data-element_type=\"column\" data-e-type=\"column\">\n\t\t\t<div class=\"elementor-widget-wrap elementor-element-populated\">\n\t\t\t\t\t\t<div class=\"elementor-element elementor-element-31c2ae8 elementor-widget__width-initial elementor-widget elementor-widget-heading\" data-id=\"31c2ae8\" data-element_type=\"widget\" data-e-type=\"widget\" data-widget_type=\"heading.default\">\n\t\t\t\t<div class=\"elementor-widget-container\">\n\t\t\t\t\t<h2 class=\"elementor-heading-title elementor-size-default\">Nuestro secreto, <i>hacerlo con cari\u00f1o<\/i><\/h2>\t\t\t\t<\/div>\n\t\t\t\t<\/div>\n\t\t\t\t<div class=\"elementor-element elementor-element-df97180 elementor-widget elementor-widget-text-editor\" data-id=\"df97180\" data-element_type=\"widget\" data-e-type=\"widget\" data-widget_type=\"text-editor.default\">\n\t\t\t\t<div class=\"elementor-widget-container\">\n\t\t\t\t\t\t\t\t\t<p>PASTELER\u00cdA DULCE DE LECHE, cuenta gran variedad productos tanto dulces como salados, todos ellos elaborados en su propio obrador mediante procesos tradicionales, sin aditivos ni conservantes y buscando siempre el mejor sabor. Facturas artesanales, alfajores de maicenas y empanadas criollas son tan solo alguno de los exquisitos productos que se pueden encontrar en las pasteler\u00edas.<\/p>\n<p>No obstante, ninguna casa se construye por el tejado, por ello debemos conocer a la mujer creadora de Dulce de Leche. Su nombre es Elisabet qui\u00e9n, nacida en Argentina y con or\u00edgenes alemanes, ya abri\u00f3 en 1990 su primera pasteler\u00eda en C\u00f3rdoba, Argentina, propiciada por su pasi\u00f3n innata por la reposter\u00eda.<\/p>\t\t\t\t\t\t\t\t<\/div>\n\t\t\t\t<\/div>\n\t\t\t\t<section class=\"elementor-section elementor-inner-section elementor-element elementor-element-031f311 elementor-section-boxed elementor-section-height-default elementor-section-height-default\" data-id=\"031f311\" data-element_type=\"section\" data-e-type=\"section\">\n\t\t\t\t\t\t<div class=\"elementor-container elementor-column-gap-default\">\n\t\t\t\t\t<div class=\"elementor-column elementor-col-33 elementor-inner-column elementor-element elementor-element-ae5d0a5\" data-id=\"ae5d0a5\" data-element_type=\"column\" data-e-type=\"column\">\n\t\t\t<div class=\"elementor-widget-wrap elementor-element-populated\">\n\t\t\t\t\t\t<div class=\"elementor-element elementor-element-a63b498 elementor-widget elementor-widget-icon-box\" data-id=\"a63b498\" data-element_type=\"widget\" data-e-type=\"widget\" data-widget_type=\"icon-box.default\">\n\t\t\t\t<div class=\"elementor-widget-container\">\n\t\t\t\t\t\t\t<div class=\"elementor-icon-box-wrapper\">\n\n\t\t\t\n\t\t\t\t\t\t<div class=\"elementor-icon-box-content\">\n\n\t\t\t\t\t\t\t\t\t<h3 class=\"elementor-icon-box-title\">\n\t\t\t\t\t\t<span  >\n\t\t\t\t\t\t\t1990\t\t\t\t\t\t<\/span>\n\t\t\t\t\t<\/h3>\n\t\t\t\t\n\t\t\t\t\t\t\t\t\t<p class=\"elementor-icon-box-description\">\n\t\t\t\t\t\tPrimera apertura tienda Dulce de Leche en Argentina\t\t\t\t\t<\/p>\n\t\t\t\t\n\t\t\t<\/div>\n\t\t\t\n\t\t<\/div>\n\t\t\t\t\t\t<\/div>\n\t\t\t\t<\/div>\n\t\t\t\t\t<\/div>\n\t\t<\/div>\n\t\t\t\t<div class=\"elementor-column elementor-col-33 elementor-inner-column elementor-element elementor-element-259a657\" data-id=\"259a657\" data-element_type=\"column\" data-e-type=\"column\">\n\t\t\t<div class=\"elementor-widget-wrap elementor-element-populated\">\n\t\t\t\t\t\t<div class=\"elementor-element elementor-element-9335838 elementor-widget elementor-widget-icon-box\" data-id=\"9335838\" data-element_type=\"widget\" data-e-type=\"widget\" data-widget_type=\"icon-box.default\">\n\t\t\t\t<div class=\"elementor-widget-container\">\n\t\t\t\t\t\t\t<div class=\"elementor-icon-box-wrapper\">\n\n\t\t\t\n\t\t\t\t\t\t<div class=\"elementor-icon-box-content\">\n\n\t\t\t\t\t\t\t\t\t<h3 class=\"elementor-icon-box-title\">\n\t\t\t\t\t\t<span  >\n\t\t\t\t\t\t\t2001\t\t\t\t\t\t<\/span>\n\t\t\t\t\t<\/h3>\n\t\t\t\t\n\t\t\t\t\t\t\t\t\t<p class=\"elementor-icon-box-description\">\n\t\t\t\t\t\tApertura Dulce de Leche en Espa\u00f1a\t\t\t\t\t<\/p>\n\t\t\t\t\n\t\t\t<\/div>\n\t\t\t\n\t\t<\/div>\n\t\t\t\t\t\t<\/div>\n\t\t\t\t<\/div>\n\t\t\t\t\t<\/div>\n\t\t<\/div>\n\t\t\t\t<div class=\"elementor-column elementor-col-33 elementor-inner-column elementor-element elementor-element-7e65d75\" data-id=\"7e65d75\" data-element_type=\"column\" data-e-type=\"column\">\n\t\t\t<div class=\"elementor-widget-wrap elementor-element-populated\">\n\t\t\t\t\t\t<div class=\"elementor-element elementor-element-b7f08a3 elementor-widget elementor-widget-icon-box\" data-id=\"b7f08a3\" data-element_type=\"widget\" data-e-type=\"widget\" data-widget_type=\"icon-box.default\">\n\t\t\t\t<div class=\"elementor-widget-container\">\n\t\t\t\t\t\t\t<div class=\"elementor-icon-box-wrapper\">\n\n\t\t\t\n\t\t\t\t\t\t<div class=\"elementor-icon-box-content\">\n\n\t\t\t\t\t\t\t\t\t<h3 class=\"elementor-icon-box-title\">\n\t\t\t\t\t\t<span  >\n\t\t\t\t\t\t\t2017\t\t\t\t\t\t<\/span>\n\t\t\t\t\t<\/h3>\n\t\t\t\t\n\t\t\t\t\t\t\t\t\t<p class=\"elementor-icon-box-description\">\n\t\t\t\t\t\tPuesta en marcha del Obrador Dulce de Leche Factory\t\t\t\t\t<\/p>\n\t\t\t\t\n\t\t\t<\/div>\n\t\t\t\n\t\t<\/div>\n\t\t\t\t\t\t<\/div>\n\t\t\t\t<\/div>\n\t\t\t\t\t<\/div>\n\t\t<\/div>\n\t\t\t\t\t<\/div>\n\t\t<\/section>\n\t\t\t\t\t<\/div>\n\t\t<\/div>\n\t\t\t\t<div class=\"elementor-column elementor-col-50 elementor-top-column elementor-element elementor-element-15a9355\" data-id=\"15a9355\" data-element_type=\"column\" data-e-type=\"column\">\n\t\t\t<div class=\"elementor-widget-wrap elementor-element-populated\">\n\t\t\t\t\t\t<div class=\"elementor-element elementor-element-e71ff6b elementor-widget elementor-widget-image\" data-id=\"e71ff6b\" data-element_type=\"widget\" data-e-type=\"widget\" data-widget_type=\"image.default\">\n\t\t\t\t<div class=\"elementor-widget-container\">\n\t\t\t\t\t\t\t\t\t\t\t\t\t\t\t<img fetchpriority=\"high\" decoding=\"async\" width=\"682\" height=\"1024\" src=\"https:\/\/pasteleriadulcedeleche.com\/factory\/wp-content\/uploads\/2023\/06\/polly-682x1024.jpeg\" class=\"attachment-large size-large wp-image-1058\" alt=\"\" srcset=\"https:\/\/pasteleriadulcedeleche.com\/factory\/wp-content\/uploads\/2023\/06\/polly-682x1024.jpeg 682w, https:\/\/pasteleriadulcedeleche.com\/factory\/wp-content\/uploads\/2023\/06\/polly-200x300.jpeg 200w, https:\/\/pasteleriadulcedeleche.com\/factory\/wp-content\/uploads\/2023\/06\/polly-768x1153.jpeg 768w, https:\/\/pasteleriadulcedeleche.com\/factory\/wp-content\/uploads\/2023\/06\/polly-1023x1536.jpeg 1023w, https:\/\/pasteleriadulcedeleche.com\/factory\/wp-content\/uploads\/2023\/06\/polly.jpeg 1066w\" sizes=\"(max-width: 682px) 100vw, 682px\" \/>\t\t\t\t\t\t\t\t\t\t\t\t\t\t\t<\/div>\n\t\t\t\t<\/div>\n\t\t\t\t\t<\/div>\n\t\t<\/div>\n\t\t\t\t\t<\/div>\n\t\t<\/section>\n\t\t\t\t<section class=\"elementor-section elementor-top-section elementor-element elementor-element-53cd7ba elementor-section-boxed elementor-section-height-default elementor-section-height-default\" data-id=\"53cd7ba\" data-element_type=\"section\" data-e-type=\"section\" data-settings=\"{&quot;background_background&quot;:&quot;classic&quot;}\">\n\t\t\t\t\t\t<div class=\"elementor-container elementor-column-gap-default\">\n\t\t\t\t\t<div class=\"elementor-column elementor-col-100 elementor-top-column elementor-element elementor-element-7302268\" data-id=\"7302268\" data-element_type=\"column\" data-e-type=\"column\">\n\t\t\t<div class=\"elementor-widget-wrap elementor-element-populated\">\n\t\t\t\t\t\t<div class=\"elementor-element elementor-element-e9862ee elementor-widget elementor-widget-heading\" data-id=\"e9862ee\" data-element_type=\"widget\" data-e-type=\"widget\" data-widget_type=\"heading.default\">\n\t\t\t\t<div class=\"elementor-widget-container\">\n\t\t\t\t\t<h2 class=\"elementor-heading-title elementor-size-default\">Nuestra pasteler\u00eda es el fruto de 5 d\u00e9cadas de experiencia y una mezcla de culturas<\/h2>\t\t\t\t<\/div>\n\t\t\t\t<\/div>\n\t\t\t\t\t<\/div>\n\t\t<\/div>\n\t\t\t\t\t<\/div>\n\t\t<\/section>\n\t\t\t\t<section class=\"elementor-section elementor-top-section elementor-element elementor-element-04be714 elementor-section-content-middle elementor-section-boxed elementor-section-height-default elementor-section-height-default\" data-id=\"04be714\" data-element_type=\"section\" data-e-type=\"section\">\n\t\t\t\t\t\t<div class=\"elementor-container elementor-column-gap-wide\">\n\t\t\t\t\t<div class=\"elementor-column elementor-col-50 elementor-top-column elementor-element elementor-element-463c95c\" data-id=\"463c95c\" data-element_type=\"column\" data-e-type=\"column\">\n\t\t\t<div class=\"elementor-widget-wrap elementor-element-populated\">\n\t\t\t\t\t\t<div class=\"elementor-element elementor-element-96ec292 elementor-widget elementor-widget-image\" data-id=\"96ec292\" data-element_type=\"widget\" data-e-type=\"widget\" data-widget_type=\"image.default\">\n\t\t\t\t<div class=\"elementor-widget-container\">\n\t\t\t\t\t\t\t\t\t\t\t\t\t\t\t<img decoding=\"async\" width=\"800\" height=\"1000\" data-src=\"https:\/\/pasteleriadulcedeleche.com\/factory\/wp-content\/uploads\/2023\/06\/WhatsApp-Image-2023-06-01-at-4.10.23-PM-1-819x1024.jpeg\" class=\"attachment-large size-large wp-image-917 lazyload\" alt=\"\" data-srcset=\"https:\/\/pasteleriadulcedeleche.com\/factory\/wp-content\/uploads\/2023\/06\/WhatsApp-Image-2023-06-01-at-4.10.23-PM-1-819x1024.jpeg 819w, https:\/\/pasteleriadulcedeleche.com\/factory\/wp-content\/uploads\/2023\/06\/WhatsApp-Image-2023-06-01-at-4.10.23-PM-1-1200x1500.jpeg 1200w, https:\/\/pasteleriadulcedeleche.com\/factory\/wp-content\/uploads\/2023\/06\/WhatsApp-Image-2023-06-01-at-4.10.23-PM-1-240x300.jpeg 240w, https:\/\/pasteleriadulcedeleche.com\/factory\/wp-content\/uploads\/2023\/06\/WhatsApp-Image-2023-06-01-at-4.10.23-PM-1-768x960.jpeg 768w, https:\/\/pasteleriadulcedeleche.com\/factory\/wp-content\/uploads\/2023\/06\/WhatsApp-Image-2023-06-01-at-4.10.23-PM-1-1229x1536.jpeg 1229w, https:\/\/pasteleriadulcedeleche.com\/factory\/wp-content\/uploads\/2023\/06\/WhatsApp-Image-2023-06-01-at-4.10.23-PM-1.jpeg 1280w\" data-sizes=\"(max-width: 800px) 100vw, 800px\" src=\"data:image\/svg+xml;base64,PHN2ZyB3aWR0aD0iMSIgaGVpZ2h0PSIxIiB4bWxucz0iaHR0cDovL3d3dy53My5vcmcvMjAwMC9zdmciPjwvc3ZnPg==\" style=\"--smush-placeholder-width: 800px; --smush-placeholder-aspect-ratio: 800\/1000;\" \/>\t\t\t\t\t\t\t\t\t\t\t\t\t\t\t<\/div>\n\t\t\t\t<\/div>\n\t\t\t\t\t<\/div>\n\t\t<\/div>\n\t\t\t\t<div class=\"elementor-column elementor-col-50 elementor-top-column elementor-element elementor-element-66d9028\" data-id=\"66d9028\" data-element_type=\"column\" data-e-type=\"column\">\n\t\t\t<div class=\"elementor-widget-wrap elementor-element-populated\">\n\t\t\t\t\t\t<div class=\"elementor-element elementor-element-a928097 elementor-widget elementor-widget-text-editor\" data-id=\"a928097\" data-element_type=\"widget\" data-e-type=\"widget\" data-widget_type=\"text-editor.default\">\n\t\t\t\t<div class=\"elementor-widget-container\">\n\t\t\t\t\t\t\t\t\t<p>En a\u00f1o 2000, en plena crisis argentina, Elisabet decide aventurarse con su familia, toda su experiencia y el buen gusto por la pasteler\u00eda hacia Espa\u00f1a con la intenci\u00f3n de comenzar un nuevo camino.<\/p><p>Valencia fue el lugar de destino y, una vez all\u00ed, Elisabet descubre que se desconoce el DULCE DE LECHE, un manjar argentino muy utilizado en la reposter\u00eda. Es por eso que decide aprender m\u00e1s de la cultura y la pasteler\u00eda espa\u00f1ola para poder as\u00ed a\u00f1adirle su toque personal y\u2026.un poco de dulce de leche.<\/p><p>Elisabet, con actitud imparable, fue adquiriendo gran cantidad de conocimientos pasteleros de forma autodidacta a lo largo de su vida. La lectura de libros y experimentar con diferentes recetas, junto a su creatividad y la mezcla de culturas, propiciaron el descubrimiento de elaboraciones maravillosas que, hoy en d\u00eda, forman parte de la PASTELER\u00cdA DE DULCE DE LECHE.<\/p>\t\t\t\t\t\t\t\t<\/div>\n\t\t\t\t<\/div>\n\t\t\t\t\t<\/div>\n\t\t<\/div>\n\t\t\t\t\t<\/div>\n\t\t<\/section>\n\t\t\t\t<section class=\"elementor-section elementor-top-section elementor-element elementor-element-28695af elementor-section-content-middle elementor-section-boxed elementor-section-height-default elementor-section-height-default\" data-id=\"28695af\" data-element_type=\"section\" data-e-type=\"section\">\n\t\t\t\t\t\t<div class=\"elementor-container elementor-column-gap-default\">\n\t\t\t\t\t<div class=\"elementor-column elementor-col-100 elementor-top-column elementor-element elementor-element-11c81a0\" data-id=\"11c81a0\" data-element_type=\"column\" data-e-type=\"column\">\n\t\t\t<div class=\"elementor-widget-wrap elementor-element-populated\">\n\t\t\t\t\t\t<div class=\"elementor-element elementor-element-c11d3e0 elementor-widget elementor-widget-text-editor\" data-id=\"c11d3e0\" data-element_type=\"widget\" data-e-type=\"widget\" data-widget_type=\"text-editor.default\">\n\t\t\t\t<div class=\"elementor-widget-container\">\n\t\t\t\t\t\t\t\t\t<p>La experiencia de Elisabet junto a la genial idea de unir la reposter\u00eda de ambas culturas fue un \u00e9xito. En 2003 , ya con un local muy peque\u00f1o y con la ayuda de sus hijos, criados entre az\u00facar y harina, Elisabet abre las instalaciones de su propia pasteler\u00eda, la cual pronto tuvo un gran auge.<\/p><p>Llenos de energ\u00eda y esperanza la familia tuvo que mudarse a un local de mayores dimensiones donde poder incorporar un obrador acorde a la gran demanda de los productos en esos momentos. Fue a partir de aqu\u00ed que\u2026sin redes sociales, ni smartphones&#8230; los dulces, facturas y tortas creadas por esta madre acompa\u00f1ada de sus hijos fueron destacados por toda Valencia.<\/p><p>En el a\u00f1o 2017 el obrador de las -por entonces- ya muy conocidas Pasteler\u00edas Dulce de Leche, abri\u00f3 sus puertas para cubrir la fuerte demanda de sus tiendas y para extender tambi\u00e9n sus horizontes a nuevos clientes.<\/p><p>Con \u00e1nimos de crecer a futuro, se ampli\u00f3 el equipo con especialistas panaderos, cocineros y por supuesto pasteleros para que continuaran el legado de su fundadora Elisabet.<\/p><p>Con el m\u00e1s alto nivel de profesionalismo y guiados siempre por los lineamientos de ella, elaboran diariamente todos los maravillosos productos que se ofrecen en las tiendas, los cuales se fundamentan en procesos artesanales, elaboraciones sin aditivos ni conservantes, insumos de m\u00e1xima calidad, buscando siempre destacarse por la decoraci\u00f3n m\u00e1s creativa y la m\u00e1s memorable experiencia de sabor!<\/p><p>\u00a0<\/p>\t\t\t\t\t\t\t\t<\/div>\n\t\t\t\t<\/div>\n\t\t\t\t<div class=\"elementor-element elementor-element-e19daa7 elementor-widget elementor-widget-gallery\" data-id=\"e19daa7\" data-element_type=\"widget\" data-e-type=\"widget\" data-settings=\"{&quot;gap&quot;:{&quot;unit&quot;:&quot;px&quot;,&quot;size&quot;:20,&quot;sizes&quot;:[]},&quot;aspect_ratio&quot;:&quot;1:1&quot;,&quot;lazyload&quot;:&quot;yes&quot;,&quot;gallery_layout&quot;:&quot;grid&quot;,&quot;columns&quot;:4,&quot;columns_tablet&quot;:2,&quot;columns_mobile&quot;:1,&quot;gap_tablet&quot;:{&quot;unit&quot;:&quot;px&quot;,&quot;size&quot;:10,&quot;sizes&quot;:[]},&quot;gap_mobile&quot;:{&quot;unit&quot;:&quot;px&quot;,&quot;size&quot;:10,&quot;sizes&quot;:[]},&quot;link_to&quot;:&quot;file&quot;,&quot;overlay_background&quot;:&quot;yes&quot;,&quot;content_hover_animation&quot;:&quot;fade-in&quot;}\" data-widget_type=\"gallery.default\">\n\t\t\t\t<div class=\"elementor-widget-container\">\n\t\t\t\t\t\t\t<div class=\"elementor-gallery__container\">\n\t\t\t\t\t\t\t<a class=\"e-gallery-item elementor-gallery-item elementor-animated-content\" href=\"https:\/\/pasteleriadulcedeleche.com\/factory\/wp-content\/uploads\/2023\/06\/nuestra-historia-DDL-cuadrada-1.jpg\" data-elementor-open-lightbox=\"yes\" data-elementor-lightbox-slideshow=\"e19daa7\" data-elementor-lightbox-title=\"nuestra-historia-DDL-cuadrada-1\" data-e-action-hash=\"#elementor-action%3Aaction%3Dlightbox%26settings%3DeyJpZCI6MTA3MiwidXJsIjoiaHR0cHM6XC9cL3Bhc3RlbGVyaWFkdWxjZWRlbGVjaGUuY29tXC9mYWN0b3J5XC93cC1jb250ZW50XC91cGxvYWRzXC8yMDIzXC8wNlwvbnVlc3RyYS1oaXN0b3JpYS1EREwtY3VhZHJhZGEtMS5qcGciLCJzbGlkZXNob3ciOiJlMTlkYWE3In0%3D\">\n\t\t\t\t\t<div class=\"e-gallery-image elementor-gallery-item__image\" data-thumbnail=\"https:\/\/pasteleriadulcedeleche.com\/factory\/wp-content\/uploads\/2023\/06\/nuestra-historia-DDL-cuadrada-1-300x300.jpg\" data-width=\"300\" data-height=\"300\" aria-label=\"\" role=\"img\" ><\/div>\n\t\t\t\t\t\t\t\t\t\t\t<div class=\"elementor-gallery-item__overlay\"><\/div>\n\t\t\t\t\t\t\t\t\t\t\t\t\t\t<\/a>\n\t\t\t\t\t\t\t<a class=\"e-gallery-item elementor-gallery-item elementor-animated-content\" href=\"https:\/\/pasteleriadulcedeleche.com\/factory\/wp-content\/uploads\/2023\/06\/nuestra-historia-DDL-2.jpg\" data-elementor-open-lightbox=\"yes\" data-elementor-lightbox-slideshow=\"e19daa7\" data-elementor-lightbox-title=\"nuestra-historia-DDL-2\" data-e-action-hash=\"#elementor-action%3Aaction%3Dlightbox%26settings%3DeyJpZCI6MTA2OSwidXJsIjoiaHR0cHM6XC9cL3Bhc3RlbGVyaWFkdWxjZWRlbGVjaGUuY29tXC9mYWN0b3J5XC93cC1jb250ZW50XC91cGxvYWRzXC8yMDIzXC8wNlwvbnVlc3RyYS1oaXN0b3JpYS1EREwtMi5qcGciLCJzbGlkZXNob3ciOiJlMTlkYWE3In0%3D\">\n\t\t\t\t\t<div class=\"e-gallery-image elementor-gallery-item__image\" data-thumbnail=\"https:\/\/pasteleriadulcedeleche.com\/factory\/wp-content\/uploads\/2023\/06\/nuestra-historia-DDL-2.jpg\" data-width=\"300\" data-height=\"300\" aria-label=\"\" role=\"img\" ><\/div>\n\t\t\t\t\t\t\t\t\t\t\t<div class=\"elementor-gallery-item__overlay\"><\/div>\n\t\t\t\t\t\t\t\t\t\t\t\t\t\t<\/a>\n\t\t\t\t\t\t\t<a class=\"e-gallery-item elementor-gallery-item elementor-animated-content\" href=\"https:\/\/pasteleriadulcedeleche.com\/factory\/wp-content\/uploads\/2023\/06\/nuestra-historia-DDL-4.jpg\" data-elementor-open-lightbox=\"yes\" data-elementor-lightbox-slideshow=\"e19daa7\" data-elementor-lightbox-title=\"nuestra-historia-DDL-4\" data-e-action-hash=\"#elementor-action%3Aaction%3Dlightbox%26settings%3DeyJpZCI6MTA3MSwidXJsIjoiaHR0cHM6XC9cL3Bhc3RlbGVyaWFkdWxjZWRlbGVjaGUuY29tXC9mYWN0b3J5XC93cC1jb250ZW50XC91cGxvYWRzXC8yMDIzXC8wNlwvbnVlc3RyYS1oaXN0b3JpYS1EREwtNC5qcGciLCJzbGlkZXNob3ciOiJlMTlkYWE3In0%3D\">\n\t\t\t\t\t<div class=\"e-gallery-image elementor-gallery-item__image\" data-thumbnail=\"https:\/\/pasteleriadulcedeleche.com\/factory\/wp-content\/uploads\/2023\/06\/nuestra-historia-DDL-4.jpg\" data-width=\"300\" data-height=\"300\" aria-label=\"\" role=\"img\" ><\/div>\n\t\t\t\t\t\t\t\t\t\t\t<div class=\"elementor-gallery-item__overlay\"><\/div>\n\t\t\t\t\t\t\t\t\t\t\t\t\t\t<\/a>\n\t\t\t\t\t\t\t<a class=\"e-gallery-item elementor-gallery-item elementor-animated-content\" href=\"https:\/\/pasteleriadulcedeleche.com\/factory\/wp-content\/uploads\/2023\/06\/nuestra-historia-DDL-3.jpg\" data-elementor-open-lightbox=\"yes\" data-elementor-lightbox-slideshow=\"e19daa7\" data-elementor-lightbox-title=\"nuestra-historia-DDL-3\" data-e-action-hash=\"#elementor-action%3Aaction%3Dlightbox%26settings%3DeyJpZCI6MTA3MCwidXJsIjoiaHR0cHM6XC9cL3Bhc3RlbGVyaWFkdWxjZWRlbGVjaGUuY29tXC9mYWN0b3J5XC93cC1jb250ZW50XC91cGxvYWRzXC8yMDIzXC8wNlwvbnVlc3RyYS1oaXN0b3JpYS1EREwtMy5qcGciLCJzbGlkZXNob3ciOiJlMTlkYWE3In0%3D\">\n\t\t\t\t\t<div class=\"e-gallery-image elementor-gallery-item__image\" data-thumbnail=\"https:\/\/pasteleriadulcedeleche.com\/factory\/wp-content\/uploads\/2023\/06\/nuestra-historia-DDL-3.jpg\" data-width=\"300\" data-height=\"300\" aria-label=\"\" role=\"img\" ><\/div>\n\t\t\t\t\t\t\t\t\t\t\t<div class=\"elementor-gallery-item__overlay\"><\/div>\n\t\t\t\t\t\t\t\t\t\t\t\t\t\t<\/a>\n\t\t\t\t\t<\/div>\n\t\t\t\t\t<\/div>\n\t\t\t\t<\/div>\n\t\t\t\t<div class=\"elementor-element elementor-element-44f0547 elementor-widget elementor-widget-heading\" data-id=\"44f0547\" data-element_type=\"widget\" data-e-type=\"widget\" data-widget_type=\"heading.default\">\n\t\t\t\t<div class=\"elementor-widget-container\">\n\t\t\t\t\t<h2 class=\"elementor-heading-title elementor-size-default\">Y as\u00ed, naci\u00f3 PASTELER\u00cdA DULCE DE LECHE...<\/h2>\t\t\t\t<\/div>\n\t\t\t\t<\/div>\n\t\t\t\t<div class=\"elementor-element elementor-element-7c2ab2d elementor-widget elementor-widget-text-editor\" data-id=\"7c2ab2d\" data-element_type=\"widget\" data-e-type=\"widget\" data-widget_type=\"text-editor.default\">\n\t\t\t\t<div class=\"elementor-widget-container\">\n\t\t\t\t\t\t\t\t\t<p><span style=\"color: var( --e-global-color-56c5089 );\">&#8230;con una mezcla de culturas y una decoraci\u00f3n inigualable, se convirti\u00f3 en una de las m\u00e1s reconocidas de la ciudad lo que permite que, a d\u00eda de hoy, la familia siga elaborando recetas deliciosas para deleitar a sus clientes y continuar instalando nuevas pasteler\u00edas a lo largo de la ciudad de Valencia.<\/span><\/p>\t\t\t\t\t\t\t\t<\/div>\n\t\t\t\t<\/div>\n\t\t\t\t<div class=\"elementor-element elementor-element-547375f elementor-widget elementor-widget-image\" data-id=\"547375f\" data-element_type=\"widget\" data-e-type=\"widget\" data-widget_type=\"image.default\">\n\t\t\t\t<div class=\"elementor-widget-container\">\n\t\t\t\t\t\t\t\t\t\t\t\t\t\t\t<img decoding=\"async\" width=\"800\" height=\"531\" data-src=\"https:\/\/pasteleriadulcedeleche.com\/factory\/wp-content\/uploads\/2023\/06\/POLLY-NICO.jpeg\" class=\"attachment-large size-large wp-image-1062 lazyload\" alt=\"\" data-srcset=\"https:\/\/pasteleriadulcedeleche.com\/factory\/wp-content\/uploads\/2023\/06\/POLLY-NICO.jpeg 1600w, https:\/\/pasteleriadulcedeleche.com\/factory\/wp-content\/uploads\/2023\/06\/POLLY-NICO-1200x797.jpeg 1200w\" data-sizes=\"(max-width: 800px) 100vw, 800px\" src=\"data:image\/svg+xml;base64,PHN2ZyB3aWR0aD0iMSIgaGVpZ2h0PSIxIiB4bWxucz0iaHR0cDovL3d3dy53My5vcmcvMjAwMC9zdmciPjwvc3ZnPg==\" style=\"--smush-placeholder-width: 800px; --smush-placeholder-aspect-ratio: 800\/531;\" \/>\t\t\t\t\t\t\t\t\t\t\t\t\t\t\t<\/div>\n\t\t\t\t<\/div>\n\t\t\t\t\t<\/div>\n\t\t<\/div>\n\t\t\t\t\t<\/div>\n\t\t<\/section>\n\t\t\t\t<\/div>\n\t\t","protected":false},"excerpt":{"rendered":"<p>Nuestro secreto, hacerlo con cari\u00f1o PASTELER\u00cdA DULCE DE LECHE, cuenta gran variedad productos tanto dulces como salados, todos ellos elaborados en su propio obrador mediante procesos tradicionales, sin aditivos ni conservantes y buscando siempre el mejor sabor. Facturas artesanales, alfajores de maicenas y empanadas criollas son tan solo alguno de los exquisitos productos que se [&hellip;]<\/p>\n","protected":false},"author":1,"featured_media":0,"parent":0,"menu_order":0,"comment_status":"closed","ping_status":"closed","template":"","meta":{"_acf_changed":false,"footnotes":""},"class_list":["post-1055","page","type-page","status-publish","hentry"],"acf":[],"_links":{"self":[{"href":"https:\/\/pasteleriadulcedeleche.com\/factory\/wp-json\/wp\/v2\/pages\/1055","targetHints":{"allow":["GET"]}}],"collection":[{"href":"https:\/\/pasteleriadulcedeleche.com\/factory\/wp-json\/wp\/v2\/pages"}],"about":[{"href":"https:\/\/pasteleriadulcedeleche.com\/factory\/wp-json\/wp\/v2\/types\/page"}],"author":[{"embeddable":true,"href":"https:\/\/pasteleriadulcedeleche.com\/factory\/wp-json\/wp\/v2\/users\/1"}],"replies":[{"embeddable":true,"href":"https:\/\/pasteleriadulcedeleche.com\/factory\/wp-json\/wp\/v2\/comments?post=1055"}],"version-history":[{"count":25,"href":"https:\/\/pasteleriadulcedeleche.com\/factory\/wp-json\/wp\/v2\/pages\/1055\/revisions"}],"predecessor-version":[{"id":1961,"href":"https:\/\/pasteleriadulcedeleche.com\/factory\/wp-json\/wp\/v2\/pages\/1055\/revisions\/1961"}],"wp:attachment":[{"href":"https:\/\/pasteleriadulcedeleche.com\/factory\/wp-json\/wp\/v2\/media?parent=1055"}],"curies":[{"name":"wp","href":"https:\/\/api.w.org\/{rel}","templated":true}]}}