{"id":6,"date":"2023-05-18T14:35:17","date_gmt":"2023-05-18T14:35:17","guid":{"rendered":"https:\/\/pasteleriadulcedeleche.com\/factory\/?page_id=6"},"modified":"2026-04-01T10:40:32","modified_gmt":"2026-04-01T10:40:32","slug":"catering","status":"publish","type":"page","link":"https:\/\/pasteleriadulcedeleche.com\/factory\/catering\/","title":{"rendered":"Catering"},"content":{"rendered":"\t\t<div data-elementor-type=\"wp-post\" data-elementor-id=\"6\" class=\"elementor elementor-6\" data-elementor-post-type=\"page\">\n\t\t\t\t\t\t<section class=\"elementor-section elementor-top-section elementor-element elementor-element-cd45529 elementor-section-content-middle elementor-section-boxed elementor-section-height-default elementor-section-height-default\" data-id=\"cd45529\" data-element_type=\"section\" data-e-type=\"section\">\n\t\t\t\t\t\t<div class=\"elementor-container elementor-column-gap-no\">\n\t\t\t\t\t<div class=\"elementor-column elementor-col-100 elementor-top-column elementor-element elementor-element-1017f2d\" data-id=\"1017f2d\" data-element_type=\"column\" data-e-type=\"column\">\n\t\t\t<div class=\"elementor-widget-wrap elementor-element-populated\">\n\t\t\t\t\t\t<div class=\"elementor-element elementor-element-6a2f316 elementor-widget elementor-widget-heading\" data-id=\"6a2f316\" data-element_type=\"widget\" data-e-type=\"widget\" data-widget_type=\"heading.default\">\n\t\t\t\t<div class=\"elementor-widget-container\">\n\t\t\t\t\t<h2 class=\"elementor-heading-title elementor-size-default\">Dulce de Leche en tu evento<\/h2>\t\t\t\t<\/div>\n\t\t\t\t<\/div>\n\t\t\t\t<div class=\"elementor-element elementor-element-bab1378 elementor-widget elementor-widget-heading\" data-id=\"bab1378\" data-element_type=\"widget\" data-e-type=\"widget\" data-widget_type=\"heading.default\">\n\t\t\t\t<div class=\"elementor-widget-container\">\n\t\t\t\t\t<h5 class=\"elementor-heading-title elementor-size-default\">Catering para eventos en Valencia y zona. Delicias \u00fanicas para eventos inolvidables.<\/h5>\t\t\t\t<\/div>\n\t\t\t\t<\/div>\n\t\t\t\t<div class=\"elementor-element elementor-element-39fc0f6 elementor-widget elementor-widget-toggle\" data-id=\"39fc0f6\" data-element_type=\"widget\" data-e-type=\"widget\" data-widget_type=\"toggle.default\">\n\t\t\t\t<div class=\"elementor-widget-container\">\n\t\t\t\t\t\t\t<div class=\"elementor-toggle\">\n\t\t\t\t\t\t\t<div class=\"elementor-toggle-item\">\n\t\t\t\t\t<div id=\"elementor-tab-title-6081\" class=\"elementor-tab-title\" data-tab=\"1\" role=\"button\" aria-controls=\"elementor-tab-content-6081\" aria-expanded=\"false\">\n\t\t\t\t\t\t\t\t\t\t\t\t<span class=\"elementor-toggle-icon elementor-toggle-icon-right\" aria-hidden=\"true\">\n\t\t\t\t\t\t\t\t\t\t\t\t\t\t\t<span class=\"elementor-toggle-icon-closed\"><i class=\"fas fa-caret-right\"><\/i><\/span>\n\t\t\t\t\t\t\t\t<span class=\"elementor-toggle-icon-opened\"><i class=\"elementor-toggle-icon-opened fas fa-caret-up\"><\/i><\/span>\n\t\t\t\t\t\t\t\t\t\t\t\t\t<\/span>\n\t\t\t\t\t\t\t\t\t\t\t\t<a class=\"elementor-toggle-title\" tabindex=\"0\">Servicios de Eventos &amp; Catering para particulares y empresas<\/a>\n\t\t\t\t\t<\/div>\n\n\t\t\t\t\t<div id=\"elementor-tab-content-6081\" class=\"elementor-tab-content elementor-clearfix\" data-tab=\"1\" role=\"region\" aria-labelledby=\"elementor-tab-title-6081\"><p>Si tienes consultas o necesitas asesoramiento sobre nuestros productos, contamos con un servicio especial:<br><br><\/p>\n<p><img decoding=\"async\" role=\"img\" class=\"emoji lazyload\" alt=\"\u260e\ufe0f\" data-src=\"https:\/\/s.w.org\/images\/core\/emoji\/17.0.2\/svg\/260e.svg\" src=\"data:image\/svg+xml;base64,PHN2ZyB3aWR0aD0iMSIgaGVpZ2h0PSIxIiB4bWxucz0iaHR0cDovL3d3dy53My5vcmcvMjAwMC9zdmciPjwvc3ZnPg==\"> 674 140 700 &#8211; WhatsApp<br><img decoding=\"async\" role=\"img\" class=\"emoji lazyload\" alt=\"\ud83d\udce7\" data-src=\"https:\/\/s.w.org\/images\/core\/emoji\/17.0.2\/svg\/1f4e7.svg\" src=\"data:image\/svg+xml;base64,PHN2ZyB3aWR0aD0iMSIgaGVpZ2h0PSIxIiB4bWxucz0iaHR0cDovL3d3dy53My5vcmcvMjAwMC9zdmciPjwvc3ZnPg==\"> <a href=\"mailto:ventas@pasteleriadulcedeleche.com\">ventas@pasteleriadulcedeleche.com<\/a><br>Nuestros profesionales te ayudar\u00e1n a dise\u00f1ar tu evento para ofrecer a tus invitados opciones exquisitas y personalizadas!<\/p>\n<p><\/p><\/div>\n\t\t\t\t<\/div>\n\t\t\t\t\t\t\t\t<\/div>\n\t\t\t\t\t\t<\/div>\n\t\t\t\t<\/div>\n\t\t\t\t<div class=\"elementor-element elementor-element-4fd55b0 elementor-widget elementor-widget-toggle\" data-id=\"4fd55b0\" data-element_type=\"widget\" data-e-type=\"widget\" data-widget_type=\"toggle.default\">\n\t\t\t\t<div class=\"elementor-widget-container\">\n\t\t\t\t\t\t\t<div class=\"elementor-toggle\">\n\t\t\t\t\t\t\t<div class=\"elementor-toggle-item\">\n\t\t\t\t\t<div id=\"elementor-tab-title-8371\" class=\"elementor-tab-title\" data-tab=\"1\" role=\"button\" aria-controls=\"elementor-tab-content-8371\" aria-expanded=\"false\">\n\t\t\t\t\t\t\t\t\t\t\t\t<span class=\"elementor-toggle-icon elementor-toggle-icon-right\" aria-hidden=\"true\">\n\t\t\t\t\t\t\t\t\t\t\t\t\t\t\t<span class=\"elementor-toggle-icon-closed\"><i class=\"fas fa-caret-right\"><\/i><\/span>\n\t\t\t\t\t\t\t\t<span class=\"elementor-toggle-icon-opened\"><i class=\"elementor-toggle-icon-opened fas fa-caret-up\"><\/i><\/span>\n\t\t\t\t\t\t\t\t\t\t\t\t\t<\/span>\n\t\t\t\t\t\t\t\t\t\t\t\t<a class=\"elementor-toggle-title\" tabindex=\"0\">Tipos de Eventos y anticipaci\u00f3n<\/a>\n\t\t\t\t\t<\/div>\n\n\t\t\t\t\t<div id=\"elementor-tab-content-8371\" class=\"elementor-tab-content elementor-clearfix\" data-tab=\"1\" role=\"region\" aria-labelledby=\"elementor-tab-title-8371\"><p>En Dulce de Leche entendemos la importancia de que cada detalle de tu evento sea perfecto.<\/p><p>Es por eso que ofrecemos un servicio personalizado de panader\u00eda y pasteler\u00eda <strong>para eventos de m\u00ednimo 25 personas<\/strong>.<\/p><p>Ya sea una boda, comuni\u00f3n, bautismo, evento empresarial o cumplea\u00f1os, nos encargamos de endulzar cada momento con nuestras deliciosas creaciones.<\/p><p><strong>Importante<\/strong>: para pedidos de Catering, ten en cuenta como m\u00ednimo 1 semana de anticipaci\u00f3n.<\/p><\/div>\n\t\t\t\t<\/div>\n\t\t\t\t\t\t\t\t<\/div>\n\t\t\t\t\t\t<\/div>\n\t\t\t\t<\/div>\n\t\t\t\t<div class=\"elementor-element elementor-element-ffedb82 elementor-widget elementor-widget-toggle\" data-id=\"ffedb82\" data-element_type=\"widget\" data-e-type=\"widget\" data-widget_type=\"toggle.default\">\n\t\t\t\t<div class=\"elementor-widget-container\">\n\t\t\t\t\t\t\t<div class=\"elementor-toggle\">\n\t\t\t\t\t\t\t<div class=\"elementor-toggle-item\">\n\t\t\t\t\t<div id=\"elementor-tab-title-2681\" class=\"elementor-tab-title\" data-tab=\"1\" role=\"button\" aria-controls=\"elementor-tab-content-2681\" aria-expanded=\"false\">\n\t\t\t\t\t\t\t\t\t\t\t\t<span class=\"elementor-toggle-icon elementor-toggle-icon-right\" aria-hidden=\"true\">\n\t\t\t\t\t\t\t\t\t\t\t\t\t\t\t<span class=\"elementor-toggle-icon-closed\"><i class=\"fas fa-caret-right\"><\/i><\/span>\n\t\t\t\t\t\t\t\t<span class=\"elementor-toggle-icon-opened\"><i class=\"elementor-toggle-icon-opened fas fa-caret-up\"><\/i><\/span>\n\t\t\t\t\t\t\t\t\t\t\t\t\t<\/span>\n\t\t\t\t\t\t\t\t\t\t\t\t<a class=\"elementor-toggle-title\" tabindex=\"0\">Tartas enteras para celebraciones<\/a>\n\t\t\t\t\t<\/div>\n\n\t\t\t\t\t<div id=\"elementor-tab-content-2681\" class=\"elementor-tab-content elementor-clearfix\" data-tab=\"1\" role=\"region\" aria-labelledby=\"elementor-tab-title-2681\"><p>Tenemos una extensa variedad de sabores para todos los gustos! <br>Elige la que m\u00e1s te guste que disfrutar en tu celebraci\u00f3n.<br>Se venden ultracongeladas a -18\u00baC. Para que su consumo sea \u00f3ptimo recomendamos colocar la tarta en la nevera por un espacio de 2 hs antes de llevarla a la mesa. <br>En nuestro cat\u00e1logo digital podr\u00e1s ver las hermosas cubiertas y decoraciones que caracterizan a cada una. <br>Te detallamos los tama\u00f1os para que puedas hacer el encargo de acuerdo a la cantidad de invitados!<\/p>\n<table>\n<tbody>\n<tr>\n<td>\n<p><b>TAMA\u00d1O<\/b><\/p>\n<\/td>\n<td>\n<p><b>RACIONES<\/b><\/p>\n<\/td>\n<td>\n<p><b>DI\u00c1METRO<\/b><\/p>\n<\/td>\n<td>&nbsp;<\/td>\n<\/tr>\n<tr>\n<td>\n<p><b>XS<\/b><\/p>\n<\/td>\n<td>\n<p><b>4 a 6 raciones<\/b><\/p>\n<\/td>\n<td>\n<p><b>14 cms.<\/b><\/p>\n<\/td>\n<td>&nbsp;<\/td>\n<\/tr>\n<tr>\n<td>\n<p><b>S<\/b><\/p>\n<\/td>\n<td>\n<p><b>6 a 8 raciones<\/b><\/p>\n<\/td>\n<td>\n<p><b>16 cms.<\/b><\/p>\n<\/td>\n<td>&nbsp;<\/td>\n<\/tr>\n<tr>\n<td rowspan=\"2\">\n<p><b>M<\/b><\/p>\n<\/td>\n<td rowspan=\"2\">\n<p><b>8 a 10 raciones<\/b><\/p>\n<\/td>\n<td rowspan=\"2\">\n<p><b>18 a 20 cms.<\/b><\/p>\n<\/td>\n<td>\n<p><span style=\"font-weight: 400\">Bizcocho chocolate: 18 cms.<\/span><\/p>\n<\/td>\n<\/tr>\n<tr>\n<td>\n<p><span style=\"font-weight: 400\">Bizcocho vainilla: 20 cms.<\/span><\/p>\n<\/td>\n<\/tr>\n<\/tbody>\n<\/table><\/div>\n\t\t\t\t<\/div>\n\t\t\t\t\t\t\t\t<\/div>\n\t\t\t\t\t\t<\/div>\n\t\t\t\t<\/div>\n\t\t\t\t\t<\/div>\n\t\t<\/div>\n\t\t\t\t\t<\/div>\n\t\t<\/section>\n\t\t\t\t<\/div>\n\t\t","protected":false},"excerpt":{"rendered":"<p>Dulce de Leche en tu evento Catering para eventos en Valencia y zona. Delicias \u00fanicas para eventos inolvidables. Servicios de Eventos &amp; Catering para particulares y empresas Si tienes consultas o necesitas asesoramiento sobre nuestros productos, contamos con un servicio especial: 674 140 700 &#8211; WhatsApp ventas@pasteleriadulcedeleche.comNuestros profesionales te ayudar\u00e1n a dise\u00f1ar tu evento para [&hellip;]<\/p>\n","protected":false},"author":1,"featured_media":0,"parent":0,"menu_order":0,"comment_status":"closed","ping_status":"closed","template":"","meta":{"_acf_changed":false,"footnotes":""},"class_list":["post-6","page","type-page","status-publish","hentry"],"acf":[],"_links":{"self":[{"href":"https:\/\/pasteleriadulcedeleche.com\/factory\/wp-json\/wp\/v2\/pages\/6","targetHints":{"allow":["GET"]}}],"collection":[{"href":"https:\/\/pasteleriadulcedeleche.com\/factory\/wp-json\/wp\/v2\/pages"}],"about":[{"href":"https:\/\/pasteleriadulcedeleche.com\/factory\/wp-json\/wp\/v2\/types\/page"}],"author":[{"embeddable":true,"href":"https:\/\/pasteleriadulcedeleche.com\/factory\/wp-json\/wp\/v2\/users\/1"}],"replies":[{"embeddable":true,"href":"https:\/\/pasteleriadulcedeleche.com\/factory\/wp-json\/wp\/v2\/comments?post=6"}],"version-history":[{"count":14,"href":"https:\/\/pasteleriadulcedeleche.com\/factory\/wp-json\/wp\/v2\/pages\/6\/revisions"}],"predecessor-version":[{"id":2220,"href":"https:\/\/pasteleriadulcedeleche.com\/factory\/wp-json\/wp\/v2\/pages\/6\/revisions\/2220"}],"wp:attachment":[{"href":"https:\/\/pasteleriadulcedeleche.com\/factory\/wp-json\/wp\/v2\/media?parent=6"}],"curies":[{"name":"wp","href":"https:\/\/api.w.org\/{rel}","templated":true}]}}