{"id":1739,"date":"2023-07-03T14:23:42","date_gmt":"2023-07-03T14:23:42","guid":{"rendered":"https:\/\/pasteleriadulcedeleche.com\/factory\/p\/t-t-mod-13-s-choco-y-trufa\/"},"modified":"2024-10-11T05:31:27","modified_gmt":"2024-10-11T05:31:27","slug":"t-t-mod-13-s-choco-y-trufa","status":"publish","type":"product","link":"https:\/\/pasteleriadulcedeleche.com\/factory\/p\/t-t-mod-13-s-choco-y-trufa\/","title":{"rendered":"T.T. MOD 13 (S) &#8211; CHOCO Y TRUFA"},"content":{"rendered":"<p>Tarta de bizcocho de vainilla relleno de trufa, ganache de chocolate, crema de dulce de leche y dulce de leche, con cobertura de trufa, ba\u00f1o de chocolate y decoraci\u00f3n de dulce de leche, ar\u00e1ndanos y fresas.<\/p>\n","protected":false},"excerpt":{"rendered":"<p>Tarta de bizcocho de vainilla relleno de trufa, ganache de chocolate, crema de dulce de leche y dulce de leche, con cobertura de trufa, ba\u00f1o de chocolate y decoraci\u00f3n de dulce de leche, ar\u00e1ndanos y fresas.<\/p>\n","protected":false},"featured_media":782,"comment_status":"closed","ping_status":"closed","template":"","meta":{"_acf_changed":false},"product_brand":[],"product_cat":[45,21],"product_tag":[],"class_list":{"0":"post-1739","1":"product","2":"type-product","3":"status-publish","4":"has-post-thumbnail","6":"product_cat-tamano-s","7":"product_cat-tartas-tartero","9":"first","10":"instock","11":"purchasable","12":"product-type-simple"},"acf":[],"_links":{"self":[{"href":"https:\/\/pasteleriadulcedeleche.com\/factory\/wp-json\/wp\/v2\/product\/1739","targetHints":{"allow":["GET"]}}],"collection":[{"href":"https:\/\/pasteleriadulcedeleche.com\/factory\/wp-json\/wp\/v2\/product"}],"about":[{"href":"https:\/\/pasteleriadulcedeleche.com\/factory\/wp-json\/wp\/v2\/types\/product"}],"replies":[{"embeddable":true,"href":"https:\/\/pasteleriadulcedeleche.com\/factory\/wp-json\/wp\/v2\/comments?post=1739"}],"wp:featuredmedia":[{"embeddable":true,"href":"https:\/\/pasteleriadulcedeleche.com\/factory\/wp-json\/wp\/v2\/media\/782"}],"wp:attachment":[{"href":"https:\/\/pasteleriadulcedeleche.com\/factory\/wp-json\/wp\/v2\/media?parent=1739"}],"wp:term":[{"taxonomy":"product_brand","embeddable":true,"href":"https:\/\/pasteleriadulcedeleche.com\/factory\/wp-json\/wp\/v2\/product_brand?post=1739"},{"taxonomy":"product_cat","embeddable":true,"href":"https:\/\/pasteleriadulcedeleche.com\/factory\/wp-json\/wp\/v2\/product_cat?post=1739"},{"taxonomy":"product_tag","embeddable":true,"href":"https:\/\/pasteleriadulcedeleche.com\/factory\/wp-json\/wp\/v2\/product_tag?post=1739"}],"curies":[{"name":"wp","href":"https:\/\/api.w.org\/{rel}","templated":true}]}}