{"id":1761,"date":"2023-07-03T14:23:49","date_gmt":"2023-07-03T14:23:49","guid":{"rendered":"https:\/\/pasteleriadulcedeleche.com\/factory\/p\/carrot-cake-x-1-900-grs-aprox\/"},"modified":"2024-09-18T08:33:18","modified_gmt":"2024-09-18T08:33:18","slug":"carrot-cake-x-1-900-grs-aprox","status":"publish","type":"product","link":"https:\/\/pasteleriadulcedeleche.com\/factory\/p\/carrot-cake-x-1-900-grs-aprox\/","title":{"rendered":"CARROT CAKE"},"content":{"rendered":"<p>Bizcocho h\u00famedo de zanahorias y az\u00facar de ca\u00f1a, relleno de crema de queso.<\/p>\n","protected":false},"excerpt":{"rendered":"<p>Bizcocho h\u00famedo de zanahorias y az\u00facar de ca\u00f1a, relleno de crema de queso.<\/p>\n","protected":false},"featured_media":819,"comment_status":"closed","ping_status":"closed","template":"","meta":{"_acf_changed":false},"product_brand":[],"product_cat":[22],"product_tag":[],"class_list":{"0":"post-1761","1":"product","2":"type-product","3":"status-publish","4":"has-post-thumbnail","6":"product_cat-tartas-varias","8":"first","9":"instock","10":"purchasable","11":"product-type-simple"},"acf":[],"_links":{"self":[{"href":"https:\/\/pasteleriadulcedeleche.com\/factory\/wp-json\/wp\/v2\/product\/1761","targetHints":{"allow":["GET"]}}],"collection":[{"href":"https:\/\/pasteleriadulcedeleche.com\/factory\/wp-json\/wp\/v2\/product"}],"about":[{"href":"https:\/\/pasteleriadulcedeleche.com\/factory\/wp-json\/wp\/v2\/types\/product"}],"replies":[{"embeddable":true,"href":"https:\/\/pasteleriadulcedeleche.com\/factory\/wp-json\/wp\/v2\/comments?post=1761"}],"wp:featuredmedia":[{"embeddable":true,"href":"https:\/\/pasteleriadulcedeleche.com\/factory\/wp-json\/wp\/v2\/media\/819"}],"wp:attachment":[{"href":"https:\/\/pasteleriadulcedeleche.com\/factory\/wp-json\/wp\/v2\/media?parent=1761"}],"wp:term":[{"taxonomy":"product_brand","embeddable":true,"href":"https:\/\/pasteleriadulcedeleche.com\/factory\/wp-json\/wp\/v2\/product_brand?post=1761"},{"taxonomy":"product_cat","embeddable":true,"href":"https:\/\/pasteleriadulcedeleche.com\/factory\/wp-json\/wp\/v2\/product_cat?post=1761"},{"taxonomy":"product_tag","embeddable":true,"href":"https:\/\/pasteleriadulcedeleche.com\/factory\/wp-json\/wp\/v2\/product_tag?post=1761"}],"curies":[{"name":"wp","href":"https:\/\/api.w.org\/{rel}","templated":true}]}}